{"id":10,"date":"2021-11-17T16:27:49","date_gmt":"2021-11-17T16:27:49","guid":{"rendered":"http:\/\/edu-dev.baer-services.de\/?page_id=10"},"modified":"2022-05-03T10:41:27","modified_gmt":"2022-05-03T10:41:27","slug":"create-your-website-with-blocks","status":"publish","type":"page","link":"https:\/\/www.baer-services.de\/","title":{"rendered":"Baer Services"},"content":{"rendered":"\n<h2 class=\"alignwide has-text-align-wide has-gigantic-font-size wp-block-heading\" id=\"ihr-baerenstarker-servicepartner-fur-it-schule-und-mehr\" style=\"line-height:1.1\">Ihr BAERenstarker Servicepartner f\u00fcr IT, Schule und mehr<\/h2>\n\n\n\n<div style=\"height:28px\" aria-hidden=\"true\" class=\"wp-block-spacer\"><\/div>\n\n\n\n<div class=\"wp-block-columns alignwide are-vertically-aligned-top is-layout-flex wp-container-core-columns-is-layout-8f761849 wp-block-columns-is-layout-flex\">\n<div class=\"wp-block-column is-vertically-aligned-top is-layout-flow wp-block-column-is-layout-flow\">\n<h3 class=\"wp-block-heading\" id=\"education-services\">Education Services<\/h3>\n\n\n\n<p class=\"wp-block-paragraph\">Ihr Service rund um die Schule und Lernen.<br>Durchf\u00fchrung von Neigungskursen oder Unterrichtserg\u00e4nzenden Ma\u00dfnahmen speziell im Bereich IT und Robotik.<\/p>\n<\/div>\n\n\n\n<div class=\"wp-block-column is-vertically-aligned-top is-layout-flow wp-block-column-is-layout-flow\">\n<h3 class=\"wp-block-heading\" id=\"it-services\">IT Services<\/h3>\n\n\n\n<p class=\"wp-block-paragraph\">Ihr Service rund um die IT.<br>Beratung, Support oder Online Marketing<\/p>\n\n\n\n<p class=\"wp-block-paragraph\"><\/p>\n<\/div>\n\n\n\n<div class=\"wp-block-column is-vertically-aligned-top is-layout-flow wp-block-column-is-layout-flow\">\n<h3 class=\"wp-block-heading\" id=\"besaitungs-services\">Besaitungs Services<\/h3>\n\n\n\n<p class=\"wp-block-paragraph\">Ihr Service rund um ihr Tennis Racket.<br>Besaitung und Beratung rund um ihren Tennischl\u00e4ger<\/p>\n\n\n\n<p class=\"wp-block-paragraph\"><\/p>\n<\/div>\n<\/div>\n\n\n\n<div style=\"height:100px\" aria-hidden=\"true\" class=\"wp-block-spacer\"><\/div>\n\n\n\n<div class=\"wp-block-columns is-layout-flex wp-container-core-columns-is-layout-8f761849 wp-block-columns-is-layout-flex\">\n<div class=\"wp-block-column has-black-color has-text-color is-layout-flow wp-block-column-is-layout-flow\"><\/div>\n<\/div>\n\n\n\n<p class=\"has-white-color has-black-background-color has-text-color has-background wp-block-paragraph\"><a href=\"https:\/\/www.baer-services.de\/index.php\/impressum\/\">Impressum<\/a><\/p>\n","protected":false},"excerpt":{"rendered":"<p>Ihr BAERenstarker Servicepartner f\u00fcr IT, Schule und mehr Education Services Ihr Service rund um die Schule und Lernen.Durchf\u00fchrung von Neigungskursen oder Unterrichtserg\u00e4nzenden Ma\u00dfnahmen speziell im Bereich IT und Robotik. IT Services Ihr Service rund um die IT.Beratung, Support oder Online Marketing Besaitungs Services Ihr Service rund um ihr Tennis Racket.Besaitung und Beratung rund um ihren [&hellip;]<\/p>\n","protected":false},"author":1,"featured_media":0,"parent":0,"menu_order":0,"comment_status":"closed","ping_status":"closed","template":"","meta":{"_crdt_document":"","footnotes":""},"class_list":["post-10","page","type-page","status-publish","hentry"],"yoast_head":"<!-- This site is optimized with the Yoast SEO plugin v27.4 - https:\/\/yoast.com\/product\/yoast-seo-wordpress\/ -->\n<title>Baer Services - baer-services<\/title>\n<meta name=\"robots\" content=\"index, follow, max-snippet:-1, max-image-preview:large, max-video-preview:-1\" \/>\n<link rel=\"canonical\" href=\"https:\/\/www.baer-services.de\/\" \/>\n<meta property=\"og:locale\" content=\"de_DE\" \/>\n<meta property=\"og:type\" content=\"article\" \/>\n<meta property=\"og:title\" content=\"Baer Services - baer-services\" \/>\n<meta property=\"og:description\" content=\"Ihr BAERenstarker Servicepartner f\u00fcr IT, Schule und mehr Education Services Ihr Service rund um die Schule und Lernen.Durchf\u00fchrung von Neigungskursen oder Unterrichtserg\u00e4nzenden Ma\u00dfnahmen speziell im Bereich IT und Robotik. IT Services Ihr Service rund um die IT.Beratung, Support oder Online Marketing Besaitungs Services Ihr Service rund um ihr Tennis Racket.Besaitung und Beratung rund um ihren [&hellip;]\" \/>\n<meta property=\"og:url\" content=\"https:\/\/www.baer-services.de\/\" \/>\n<meta property=\"og:site_name\" content=\"baer-services\" \/>\n<meta property=\"article:modified_time\" content=\"2022-05-03T10:41:27+00:00\" \/>\n<meta name=\"twitter:card\" content=\"summary_large_image\" \/>\n<script type=\"application\/ld+json\" class=\"yoast-schema-graph\">{\"@context\":\"https:\\\/\\\/schema.org\",\"@graph\":[{\"@type\":\"WebPage\",\"@id\":\"https:\\\/\\\/www.baer-services.de\\\/\",\"url\":\"https:\\\/\\\/www.baer-services.de\\\/\",\"name\":\"Baer Services - baer-services\",\"isPartOf\":{\"@id\":\"https:\\\/\\\/www.baer-services.de\\\/#website\"},\"datePublished\":\"2021-11-17T16:27:49+00:00\",\"dateModified\":\"2022-05-03T10:41:27+00:00\",\"breadcrumb\":{\"@id\":\"https:\\\/\\\/www.baer-services.de\\\/#breadcrumb\"},\"inLanguage\":\"de\",\"potentialAction\":[{\"@type\":\"ReadAction\",\"target\":[\"https:\\\/\\\/www.baer-services.de\\\/\"]}]},{\"@type\":\"BreadcrumbList\",\"@id\":\"https:\\\/\\\/www.baer-services.de\\\/#breadcrumb\",\"itemListElement\":[{\"@type\":\"ListItem\",\"position\":1,\"name\":\"Startseite\",\"item\":\"https:\\\/\\\/www.baer-services.de\\\/\"},{\"@type\":\"ListItem\",\"position\":2,\"name\":\"Baer Services\"}]},{\"@type\":\"WebSite\",\"@id\":\"https:\\\/\\\/www.baer-services.de\\\/#website\",\"url\":\"https:\\\/\\\/www.baer-services.de\\\/\",\"name\":\"baer-services\",\"description\":\"Dein Servicepartner f\u00fcr Edukation, IT und Racket Besaitung\",\"publisher\":{\"@id\":\"https:\\\/\\\/www.baer-services.de\\\/#organization\"},\"potentialAction\":[{\"@type\":\"SearchAction\",\"target\":{\"@type\":\"EntryPoint\",\"urlTemplate\":\"https:\\\/\\\/www.baer-services.de\\\/?s={search_term_string}\"},\"query-input\":{\"@type\":\"PropertyValueSpecification\",\"valueRequired\":true,\"valueName\":\"search_term_string\"}}],\"inLanguage\":\"de\"},{\"@type\":\"Organization\",\"@id\":\"https:\\\/\\\/www.baer-services.de\\\/#organization\",\"name\":\"Baer-Services\",\"url\":\"https:\\\/\\\/www.baer-services.de\\\/\",\"logo\":{\"@type\":\"ImageObject\",\"inLanguage\":\"de\",\"@id\":\"https:\\\/\\\/www.baer-services.de\\\/#\\\/schema\\\/logo\\\/image\\\/\",\"url\":\"https:\\\/\\\/www.baer-services.de\\\/wp-content\\\/uploads\\\/2021\\\/11\\\/cropped-cropped-BS.gif\",\"contentUrl\":\"https:\\\/\\\/www.baer-services.de\\\/wp-content\\\/uploads\\\/2021\\\/11\\\/cropped-cropped-BS.gif\",\"width\":1203,\"height\":397,\"caption\":\"Baer-Services\"},\"image\":{\"@id\":\"https:\\\/\\\/www.baer-services.de\\\/#\\\/schema\\\/logo\\\/image\\\/\"}}]}<\/script>\n<!-- \/ Yoast SEO plugin. -->","yoast_head_json":{"title":"Baer Services - baer-services","robots":{"index":"index","follow":"follow","max-snippet":"max-snippet:-1","max-image-preview":"max-image-preview:large","max-video-preview":"max-video-preview:-1"},"canonical":"https:\/\/www.baer-services.de\/","og_locale":"de_DE","og_type":"article","og_title":"Baer Services - baer-services","og_description":"Ihr BAERenstarker Servicepartner f\u00fcr IT, Schule und mehr Education Services Ihr Service rund um die Schule und Lernen.Durchf\u00fchrung von Neigungskursen oder Unterrichtserg\u00e4nzenden Ma\u00dfnahmen speziell im Bereich IT und Robotik. IT Services Ihr Service rund um die IT.Beratung, Support oder Online Marketing Besaitungs Services Ihr Service rund um ihr Tennis Racket.Besaitung und Beratung rund um ihren [&hellip;]","og_url":"https:\/\/www.baer-services.de\/","og_site_name":"baer-services","article_modified_time":"2022-05-03T10:41:27+00:00","twitter_card":"summary_large_image","schema":{"@context":"https:\/\/schema.org","@graph":[{"@type":"WebPage","@id":"https:\/\/www.baer-services.de\/","url":"https:\/\/www.baer-services.de\/","name":"Baer Services - baer-services","isPartOf":{"@id":"https:\/\/www.baer-services.de\/#website"},"datePublished":"2021-11-17T16:27:49+00:00","dateModified":"2022-05-03T10:41:27+00:00","breadcrumb":{"@id":"https:\/\/www.baer-services.de\/#breadcrumb"},"inLanguage":"de","potentialAction":[{"@type":"ReadAction","target":["https:\/\/www.baer-services.de\/"]}]},{"@type":"BreadcrumbList","@id":"https:\/\/www.baer-services.de\/#breadcrumb","itemListElement":[{"@type":"ListItem","position":1,"name":"Startseite","item":"https:\/\/www.baer-services.de\/"},{"@type":"ListItem","position":2,"name":"Baer Services"}]},{"@type":"WebSite","@id":"https:\/\/www.baer-services.de\/#website","url":"https:\/\/www.baer-services.de\/","name":"baer-services","description":"Dein Servicepartner f\u00fcr Edukation, IT und Racket Besaitung","publisher":{"@id":"https:\/\/www.baer-services.de\/#organization"},"potentialAction":[{"@type":"SearchAction","target":{"@type":"EntryPoint","urlTemplate":"https:\/\/www.baer-services.de\/?s={search_term_string}"},"query-input":{"@type":"PropertyValueSpecification","valueRequired":true,"valueName":"search_term_string"}}],"inLanguage":"de"},{"@type":"Organization","@id":"https:\/\/www.baer-services.de\/#organization","name":"Baer-Services","url":"https:\/\/www.baer-services.de\/","logo":{"@type":"ImageObject","inLanguage":"de","@id":"https:\/\/www.baer-services.de\/#\/schema\/logo\/image\/","url":"https:\/\/www.baer-services.de\/wp-content\/uploads\/2021\/11\/cropped-cropped-BS.gif","contentUrl":"https:\/\/www.baer-services.de\/wp-content\/uploads\/2021\/11\/cropped-cropped-BS.gif","width":1203,"height":397,"caption":"Baer-Services"},"image":{"@id":"https:\/\/www.baer-services.de\/#\/schema\/logo\/image\/"}}]}},"_links":{"self":[{"href":"https:\/\/www.baer-services.de\/index.php\/wp-json\/wp\/v2\/pages\/10","targetHints":{"allow":["GET"]}}],"collection":[{"href":"https:\/\/www.baer-services.de\/index.php\/wp-json\/wp\/v2\/pages"}],"about":[{"href":"https:\/\/www.baer-services.de\/index.php\/wp-json\/wp\/v2\/types\/page"}],"author":[{"embeddable":true,"href":"https:\/\/www.baer-services.de\/index.php\/wp-json\/wp\/v2\/users\/1"}],"replies":[{"embeddable":true,"href":"https:\/\/www.baer-services.de\/index.php\/wp-json\/wp\/v2\/comments?post=10"}],"version-history":[{"count":9,"href":"https:\/\/www.baer-services.de\/index.php\/wp-json\/wp\/v2\/pages\/10\/revisions"}],"predecessor-version":[{"id":410,"href":"https:\/\/www.baer-services.de\/index.php\/wp-json\/wp\/v2\/pages\/10\/revisions\/410"}],"wp:attachment":[{"href":"https:\/\/www.baer-services.de\/index.php\/wp-json\/wp\/v2\/media?parent=10"}],"curies":[{"name":"wp","href":"https:\/\/api.w.org\/{rel}","templated":true}]}}